{"id":2317,"date":"2018-05-01T10:44:08","date_gmt":"2018-05-01T14:44:08","guid":{"rendered":"https:\/\/inlibro.com\/webinar-registration\/"},"modified":"2023-04-13T11:37:46","modified_gmt":"2023-04-13T15:37:46","slug":"webinar-registration","status":"publish","type":"page","link":"https:\/\/inlibro.com\/en\/webinar-registration\/","title":{"rendered":"Webinar Registration"},"content":{"rendered":"<p>[et_pb_section bb_built=&#8221;1&#8243; admin_label=&#8221;section&#8221; fullwidth=&#8221;off&#8221; transparent_background=&#8221;off&#8221; background_color=&#8221;#028cb5&#8243; parallax_method=&#8221;off&#8221; custom_padding=&#8221;1em||1em|&#8221; _builder_version=&#8221;3.0.89&#8243;][et_pb_row admin_label=&#8221;row&#8221; background_position=&#8221;top_left&#8221; background_repeat=&#8221;repeat&#8221; background_size=&#8221;initial&#8221; _builder_version=&#8221;3.0.89&#8243;][et_pb_column type=&#8221;4_4&#8243;][et_pb_text _builder_version=&#8221;3.0.89&#8243; background_layout=&#8221;dark&#8221;]<\/p>\n<h1>Koha Demo Webinar<\/h1>\n<p>Dates TBA. We will contact you with the details.<\/p>\n<p>[\/et_pb_text][et_pb_contact_form admin_label=&#8221;Contact Form&#8221; captcha=&#8221;off&#8221; use_redirect=&#8221;on&#8221; input_border_radius=&#8221;0&#8243; title_font_size=&#8221;42&#8243; title_font_size_last_edited=&#8221;off|&#8221; title_text_color=&#8221;#ffffff&#8221; use_border_color=&#8221;off&#8221; border_color=&#8221;#ffffff&#8221; border_style=&#8221;solid&#8221; custom_button=&#8221;on&#8221; button_text_color=&#8221;#ffffff&#8221; button_icon_placement=&#8221;right&#8221; email=&#8221;info@inlibro.com&#8221; border_radii=&#8221;on|0px|0px|0px|0px&#8221; _builder_version=&#8221;3.0.89&#8243; border_color_all=&#8221;#ffffff&#8221; saved_tabs=&#8221;all&#8221; success_message=&#8221;Success! We will contact you shortly.&#8221; custom_message=&#8221;Une personne a rempli le formulaire sur la page d&#8217;inscription du Webinaire Koha (en anglais).||et_pb_line_break_holder||||et_pb_line_break_holder||Nom : %%Nom%%||et_pb_line_break_holder||Titre : %%Titre%%||et_pb_line_break_holder||Courriel : %%Email%%||et_pb_line_break_holder||Organisation : %%Organisation%%||et_pb_line_break_holder||Num\u00e9ro de t\u00e9l\u00e9phone : %%Phone%%||et_pb_line_break_holder||Message :||et_pb_line_break_holder||%%Message%%&#8221; custom_css_contact_button=&#8221;.et_pb_contact_field_5 { color : #ffffff;}&#8221; submit_button_text=&#8221;Register&#8221; redirect_url=&#8221;\/en\/thanks-for-contacting-us\/&#8221;] [et_pb_contact_field field_title=&#8221;Name&#8221; field_type=&#8221;input&#8221; field_id=&#8221;Name&#8221; required_mark=&#8221;on&#8221; fullwidth_field=&#8221;off&#8221; border_radii=&#8221;on||||&#8221; _builder_version=&#8221;3.0.89&#8243; \/][et_pb_contact_field field_id=&#8221;Title&#8221; field_title=&#8221;Title&#8221; field_type=&#8221;input&#8221; required_mark=&#8221;off&#8221; fullwidth_field=&#8221;off&#8221; form_field_font_select=&#8221;default&#8221; form_field_font=&#8221;||||&#8221; use_border_color=&#8221;off&#8221; border_radii=&#8221;on||||&#8221; _builder_version=&#8221;3.0.89&#8243; \/][et_pb_contact_field field_title=&#8221;Email address&#8221; field_type=&#8221;email&#8221; field_id=&#8221;Email&#8221; required_mark=&#8221;on&#8221; fullwidth_field=&#8221;on&#8221; form_field_font_select=&#8221;default&#8221; form_field_font=&#8221;||||&#8221; use_border_color=&#8221;off&#8221; border_radii=&#8221;on||||&#8221; _builder_version=&#8221;3.0.89&#8243; \/][et_pb_contact_field field_id=&#8221;Organization&#8221; field_title=&#8221;Organization&#8221; field_type=&#8221;input&#8221; required_mark=&#8221;off&#8221; fullwidth_field=&#8221;off&#8221; form_field_font_select=&#8221;default&#8221; form_field_font=&#8221;||||&#8221; use_border_color=&#8221;off&#8221; border_radii=&#8221;on||||&#8221; _builder_version=&#8221;3.0.89&#8243; \/][et_pb_contact_field field_id=&#8221;Phone&#8221; field_title=&#8221;Phone number&#8221; field_type=&#8221;input&#8221; required_mark=&#8221;off&#8221; fullwidth_field=&#8221;off&#8221; form_field_font_select=&#8221;default&#8221; form_field_font=&#8221;||||&#8221; use_border_color=&#8221;off&#8221; border_radii=&#8221;on||||&#8221; _builder_version=&#8221;3.0.89&#8243; \/] [\/et_pb_contact_form][\/et_pb_column][\/et_pb_row][\/et_pb_section]<\/p>\n","protected":false},"excerpt":{"rendered":"<p>Koha Demo Webinar Dates TBA. We will contact you with the details.<\/p>\n","protected":false},"author":2,"featured_media":0,"parent":0,"menu_order":0,"comment_status":"closed","ping_status":"closed","template":"","meta":{"_et_pb_use_builder":"on","_et_pb_old_content":"","_et_gb_content_width":"","inline_featured_image":false,"twitterCardType":"","cardImageID":0,"cardImage":"","cardTitle":"","cardDesc":"","cardImageAlt":"","cardPlayer":"","cardPlayerWidth":0,"cardPlayerHeight":0,"cardPlayerStream":"","cardPlayerCodec":"","footnotes":""},"class_list":["post-2317","page","type-page","status-publish","hentry"],"aioseo_notices":[],"_links":{"self":[{"href":"https:\/\/inlibro.com\/en\/wp-json\/wp\/v2\/pages\/2317","targetHints":{"allow":["GET"]}}],"collection":[{"href":"https:\/\/inlibro.com\/en\/wp-json\/wp\/v2\/pages"}],"about":[{"href":"https:\/\/inlibro.com\/en\/wp-json\/wp\/v2\/types\/page"}],"author":[{"embeddable":true,"href":"https:\/\/inlibro.com\/en\/wp-json\/wp\/v2\/users\/2"}],"replies":[{"embeddable":true,"href":"https:\/\/inlibro.com\/en\/wp-json\/wp\/v2\/comments?post=2317"}],"version-history":[{"count":10,"href":"https:\/\/inlibro.com\/en\/wp-json\/wp\/v2\/pages\/2317\/revisions"}],"predecessor-version":[{"id":2327,"href":"https:\/\/inlibro.com\/en\/wp-json\/wp\/v2\/pages\/2317\/revisions\/2327"}],"wp:attachment":[{"href":"https:\/\/inlibro.com\/en\/wp-json\/wp\/v2\/media?parent=2317"}],"curies":[{"name":"wp","href":"https:\/\/api.w.org\/{rel}","templated":true}]}}