{"id":2408,"date":"2018-05-01T11:43:41","date_gmt":"2018-05-01T15:43:41","guid":{"rendered":"https:\/\/inlibro.com\/services\/"},"modified":"2023-04-13T11:37:43","modified_gmt":"2023-04-13T15:37:43","slug":"services","status":"publish","type":"page","link":"https:\/\/inlibro.com\/en\/services\/","title":{"rendered":"Services"},"content":{"rendered":"<p>[et_pb_section bb_built=&#8221;1&#8243;][et_pb_row][et_pb_column type=&#8221;4_4&#8243;][et_pb_slider admin_label=&#8221;Koha&#8221; _builder_version=&#8221;3.0.100&#8243; show_arrows=&#8221;on&#8221; show_pagination=&#8221;on&#8221; show_inner_shadow=&#8221;on&#8221; custom_button=&#8221;off&#8221; button_icon_placement=&#8221;right&#8221; show_content_on_mobile=&#8221;on&#8221; show_cta_on_mobile=&#8221;on&#8221; show_image_video_mobile=&#8221;off&#8221; box_shadow_horizontal=&#8221;0px&#8221; box_shadow_vertical=&#8221;0px&#8221; box_shadow_blur=&#8221;10px&#8221; box_shadow_spread=&#8221;0px&#8221; box_shadow_position=&#8221;inner&#8221; box_shadow_color=&#8221;rgba(0,0,0,0.1)&#8221; box_shadow_style=&#8221;preset6&#8243;][et_pb_slide _builder_version=&#8221;3.0.89&#8243; heading=&#8221;Integrated Library System&#8221; button_text=&#8221;More&#8221; button_link=&#8221;\/en\/koha-open-source-lms\/&#8221; use_background_color_gradient=&#8221;off&#8221; background_color_gradient_start=&#8221;#2b87da&#8221; background_color_gradient_end=&#8221;#29c4a9&#8243; background_color_gradient_type=&#8221;linear&#8221; background_color_gradient_direction=&#8221;180deg&#8221; background_color_gradient_direction_radial=&#8221;center&#8221; background_color_gradient_start_position=&#8221;0%&#8221; background_color_gradient_end_position=&#8221;100%&#8221; background_color_gradient_overlays_image=&#8221;off&#8221; parallax=&#8221;off&#8221; parallax_method=&#8221;on&#8221; background_size=&#8221;cover&#8221; background_position=&#8221;center&#8221; background_repeat=&#8221;no-repeat&#8221; background_blend=&#8221;darken&#8221; allow_player_pause=&#8221;off&#8221; admin_title=&#8221;Koha&#8221; use_bg_overlay=&#8221;off&#8221; use_text_overlay=&#8221;off&#8221; text_border_radius=&#8221;3&#8243; alignment=&#8221;center&#8221; background_layout=&#8221;dark&#8221; background_image=&#8221;https:\/\/inlibro.com\/wp-content\/uploads\/2017\/02\/library-shelves.jpg&#8221; \/][\/et_pb_slider][et_pb_slider admin_label=&#8221;S\u00e9cure Acc\u00e8s&#8221; _builder_version=&#8221;3.0.100&#8243; show_arrows=&#8221;off&#8221; show_pagination=&#8221;off&#8221; custom_button=&#8221;off&#8221; button_icon_placement=&#8221;right&#8221; show_content_on_mobile=&#8221;on&#8221; show_cta_on_mobile=&#8221;on&#8221; show_image_video_mobile=&#8221;off&#8221; box_shadow_blur=&#8221;10px&#8221; box_shadow_color=&#8221;rgba(0,0,0,0.1)&#8221;][et_pb_slide _builder_version=&#8221;3.0.100&#8243; heading=&#8221;Kiosk Management Solution&#8221; button_text=&#8221;More&#8221; button_link=&#8221;\/en\/libki-an-open-source-kiosk-management-system\/&#8221; use_background_color_gradient=&#8221;off&#8221; background_color_gradient_start=&#8221;#2b87da&#8221; background_color_gradient_end=&#8221;#29c4a9&#8243; background_color_gradient_type=&#8221;linear&#8221; background_color_gradient_direction=&#8221;180deg&#8221; background_color_gradient_direction_radial=&#8221;center&#8221; background_color_gradient_start_position=&#8221;0%&#8221; background_color_gradient_end_position=&#8221;100%&#8221; background_color_gradient_overlays_image=&#8221;off&#8221; parallax=&#8221;off&#8221; parallax_method=&#8221;on&#8221; background_size=&#8221;cover&#8221; background_position=&#8221;center&#8221; background_repeat=&#8221;no-repeat&#8221; background_blend=&#8221;darken&#8221; allow_player_pause=&#8221;off&#8221; admin_title=&#8221;S\u00e9cure Acc\u00e8s&#8221; use_bg_overlay=&#8221;off&#8221; use_text_overlay=&#8221;off&#8221; text_border_radius=&#8221;3&#8243; alignment=&#8221;center&#8221; background_layout=&#8221;dark&#8221; background_image=&#8221;https:\/\/inlibro.com\/wp-content\/uploads\/2018\/01\/ordis.png&#8221; background_video_pause_outside_viewport=&#8221;on&#8221; child_filter_hue_rotate=&#8221;0deg&#8221; child_filter_saturate=&#8221;100%&#8221; child_filter_brightness=&#8221;100%&#8221; child_filter_contrast=&#8221;100%&#8221; child_filter_invert=&#8221;0%&#8221; child_filter_sepia=&#8221;0%&#8221; child_filter_opacity=&#8221;100%&#8221; child_filter_blur=&#8221;0px&#8221; child_mix_blend_mode=&#8221;normal&#8221; text_shadow_style=&#8221;none&#8221; header_text_shadow_style=&#8221;none&#8221; body_text_shadow_style=&#8221;none&#8221; custom_button=&#8221;off&#8221; button_bg_use_color_gradient=&#8221;off&#8221; button_bg_color_gradient_overlays_image=&#8221;off&#8221; button_use_icon=&#8221;on&#8221; button_on_hover=&#8221;on&#8221; button_text_shadow_style=&#8221;none&#8221; box_shadow_style_button=&#8221;none&#8221; \/][\/et_pb_slider][et_pb_slider admin_label=&#8221;M\u00e9dia Vision&#8221; _builder_version=&#8221;3.0.100&#8243; show_arrows=&#8221;off&#8221; show_pagination=&#8221;off&#8221; custom_button=&#8221;off&#8221; button_icon_placement=&#8221;right&#8221; show_content_on_mobile=&#8221;on&#8221; show_cta_on_mobile=&#8221;on&#8221; show_image_video_mobile=&#8221;off&#8221; box_shadow_blur=&#8221;10px&#8221; box_shadow_color=&#8221;rgba(0,0,0,0.1)&#8221;][et_pb_slide _builder_version=&#8221;3.0.100&#8243; heading=&#8221;Digital Signage Management System&#8221; button_text=&#8221;More&#8221; button_link=&#8221;\/en\/xibo\/&#8221; use_background_color_gradient=&#8221;off&#8221; background_color_gradient_start=&#8221;#2b87da&#8221; background_color_gradient_end=&#8221;#29c4a9&#8243; background_color_gradient_type=&#8221;linear&#8221; background_color_gradient_direction=&#8221;180deg&#8221; background_color_gradient_direction_radial=&#8221;center&#8221; background_color_gradient_start_position=&#8221;0%&#8221; background_color_gradient_end_position=&#8221;100%&#8221; background_color_gradient_overlays_image=&#8221;off&#8221; parallax=&#8221;off&#8221; parallax_method=&#8221;on&#8221; background_size=&#8221;cover&#8221; background_position=&#8221;center&#8221; background_repeat=&#8221;no-repeat&#8221; background_blend=&#8221;darken&#8221; allow_player_pause=&#8221;off&#8221; admin_title=&#8221;M\u00e9dia VIsion&#8221; use_bg_overlay=&#8221;off&#8221; use_text_overlay=&#8221;off&#8221; text_border_radius=&#8221;3&#8243; alignment=&#8221;center&#8221; background_layout=&#8221;dark&#8221; background_image=&#8221;https:\/\/inlibro.com\/wp-content\/uploads\/2018\/01\/StockSnap_YZ39UP63MI.jpg&#8221; background_video_pause_outside_viewport=&#8221;on&#8221; child_filter_hue_rotate=&#8221;0deg&#8221; child_filter_saturate=&#8221;100%&#8221; child_filter_brightness=&#8221;100%&#8221; child_filter_contrast=&#8221;100%&#8221; child_filter_invert=&#8221;0%&#8221; child_filter_sepia=&#8221;0%&#8221; child_filter_opacity=&#8221;100%&#8221; child_filter_blur=&#8221;0px&#8221; child_mix_blend_mode=&#8221;normal&#8221; text_shadow_style=&#8221;none&#8221; header_text_shadow_style=&#8221;none&#8221; body_text_shadow_style=&#8221;none&#8221; custom_button=&#8221;off&#8221; button_bg_use_color_gradient=&#8221;off&#8221; button_bg_color_gradient_overlays_image=&#8221;off&#8221; button_use_icon=&#8221;on&#8221; button_on_hover=&#8221;on&#8221; button_text_shadow_style=&#8221;none&#8221; box_shadow_style_button=&#8221;none&#8221; text_shadow_horizontal_length=&#8221;0em&#8221; text_shadow_vertical_length=&#8221;0em&#8221; text_shadow_blur_strength=&#8221;0em&#8221; header_text_shadow_horizontal_length=&#8221;0em&#8221; header_text_shadow_vertical_length=&#8221;0em&#8221; header_text_shadow_blur_strength=&#8221;0em&#8221; body_text_shadow_horizontal_length=&#8221;0em&#8221; body_text_shadow_vertical_length=&#8221;0em&#8221; body_text_shadow_blur_strength=&#8221;0em&#8221; button_text_shadow_horizontal_length=&#8221;0em&#8221; button_text_shadow_vertical_length=&#8221;0em&#8221; button_text_shadow_blur_strength=&#8221;0em&#8221; \/][\/et_pb_slider][et_pb_slider admin_label=&#8221;EspaceBiblio&#8221; _builder_version=&#8221;3.0.100&#8243; show_arrows=&#8221;off&#8221; show_pagination=&#8221;off&#8221; custom_button=&#8221;off&#8221; button_icon_placement=&#8221;right&#8221; show_content_on_mobile=&#8221;on&#8221; show_cta_on_mobile=&#8221;on&#8221; show_image_video_mobile=&#8221;off&#8221; box_shadow_blur=&#8221;10px&#8221; box_shadow_color=&#8221;rgba(0,0,0,0.1)&#8221;][et_pb_slide _builder_version=&#8221;3.0.100&#8243; heading=&#8221;EspaceBiblio for municipalities with population less than 5,000&#8243; button_text=&#8221;More&#8221; button_link=&#8221;\/en\/espacebiblio\/&#8221; use_background_color_gradient=&#8221;off&#8221; background_color_gradient_start=&#8221;#2b87da&#8221; background_color_gradient_end=&#8221;#29c4a9&#8243; background_color_gradient_type=&#8221;linear&#8221; background_color_gradient_direction=&#8221;180deg&#8221; background_color_gradient_direction_radial=&#8221;center&#8221; background_color_gradient_start_position=&#8221;0%&#8221; background_color_gradient_end_position=&#8221;100%&#8221; background_color_gradient_overlays_image=&#8221;off&#8221; parallax=&#8221;off&#8221; parallax_method=&#8221;on&#8221; background_size=&#8221;cover&#8221; background_position=&#8221;center&#8221; background_repeat=&#8221;no-repeat&#8221; background_blend=&#8221;darken&#8221; allow_player_pause=&#8221;off&#8221; admin_title=&#8221;EspaceBiblio&#8221; use_bg_overlay=&#8221;off&#8221; use_text_overlay=&#8221;off&#8221; text_border_radius=&#8221;3&#8243; alignment=&#8221;center&#8221; background_layout=&#8221;dark&#8221; background_image=&#8221;https:\/\/inlibro.com\/wp-content\/uploads\/2018\/01\/girl_in_a_library_4.jpg&#8221; background_video_pause_outside_viewport=&#8221;on&#8221; child_filter_hue_rotate=&#8221;0deg&#8221; child_filter_saturate=&#8221;100%&#8221; child_filter_brightness=&#8221;100%&#8221; child_filter_contrast=&#8221;100%&#8221; child_filter_invert=&#8221;0%&#8221; child_filter_sepia=&#8221;0%&#8221; child_filter_opacity=&#8221;100%&#8221; child_filter_blur=&#8221;0px&#8221; child_mix_blend_mode=&#8221;normal&#8221; text_shadow_style=&#8221;none&#8221; header_text_shadow_style=&#8221;none&#8221; body_text_shadow_style=&#8221;none&#8221; custom_button=&#8221;off&#8221; button_bg_use_color_gradient=&#8221;off&#8221; button_bg_color_gradient_overlays_image=&#8221;off&#8221; button_use_icon=&#8221;on&#8221; button_on_hover=&#8221;on&#8221; button_text_shadow_style=&#8221;none&#8221; box_shadow_style_button=&#8221;none&#8221; text_shadow_horizontal_length=&#8221;0em&#8221; text_shadow_vertical_length=&#8221;0em&#8221; text_shadow_blur_strength=&#8221;0em&#8221; header_text_shadow_horizontal_length=&#8221;0em&#8221; header_text_shadow_vertical_length=&#8221;0em&#8221; header_text_shadow_blur_strength=&#8221;0em&#8221; body_text_shadow_horizontal_length=&#8221;0em&#8221; body_text_shadow_vertical_length=&#8221;0em&#8221; body_text_shadow_blur_strength=&#8221;0em&#8221; button_text_shadow_horizontal_length=&#8221;0em&#8221; button_text_shadow_vertical_length=&#8221;0em&#8221; button_text_shadow_blur_strength=&#8221;0em&#8221; \/][\/et_pb_slider][et_pb_slider admin_label=&#8221;Marketing&#8221; _builder_version=&#8221;3.0.100&#8243; show_arrows=&#8221;off&#8221; show_pagination=&#8221;off&#8221; show_inner_shadow=&#8221;on&#8221; custom_button=&#8221;off&#8221; button_icon_placement=&#8221;right&#8221; show_content_on_mobile=&#8221;on&#8221; show_cta_on_mobile=&#8221;on&#8221; show_image_video_mobile=&#8221;off&#8221; module_class=&#8221;%91dss_content show_role=&#8217;editor&#8217;%93&#8243; box_shadow_horizontal=&#8221;0px&#8221; box_shadow_vertical=&#8221;0px&#8221; box_shadow_blur=&#8221;10px&#8221; box_shadow_spread=&#8221;0px&#8221; box_shadow_position=&#8221;inner&#8221; box_shadow_color=&#8221;rgba(0,0,0,0.1)&#8221; box_shadow_style=&#8221;preset6&#8243;][et_pb_slide _builder_version=&#8221;3.0.89&#8243; heading=&#8221;Marketing Consulting Service&#8221; button_text=&#8221;More&#8221; button_link=&#8221;\/marketing\/&#8221; use_background_color_gradient=&#8221;off&#8221; background_color_gradient_start=&#8221;#2b87da&#8221; background_color_gradient_end=&#8221;#29c4a9&#8243; background_color_gradient_type=&#8221;linear&#8221; background_color_gradient_direction=&#8221;180deg&#8221; background_color_gradient_direction_radial=&#8221;center&#8221; background_color_gradient_start_position=&#8221;0%&#8221; background_color_gradient_end_position=&#8221;100%&#8221; background_color_gradient_overlays_image=&#8221;off&#8221; parallax=&#8221;off&#8221; parallax_method=&#8221;on&#8221; background_size=&#8221;cover&#8221; background_position=&#8221;center&#8221; background_repeat=&#8221;no-repeat&#8221; background_blend=&#8221;color-burn&#8221; allow_player_pause=&#8221;off&#8221; admin_title=&#8221;Marketing&#8221; use_bg_overlay=&#8221;off&#8221; use_text_overlay=&#8221;off&#8221; text_border_radius=&#8221;3&#8243; alignment=&#8221;center&#8221; background_layout=&#8221;dark&#8221; background_image=&#8221;https:\/\/inlibro.com\/wp-content\/uploads\/2018\/01\/StockSnap_030TCBJQ8C.jpg&#8221; \/][\/et_pb_slider][\/et_pb_column][\/et_pb_row][\/et_pb_section][et_pb_section bb_built=&#8221;1&#8243; admin_label=&#8221;section&#8221; fullwidth=&#8221;off&#8221; transparent_background=&#8221;off&#8221; background_color=&#8221;#028cb5&#8243; parallax_method=&#8221;off&#8221; custom_padding=&#8221;1em||1em|&#8221; _builder_version=&#8221;3.0.89&#8243;][et_pb_row admin_label=&#8221;row&#8221; background_position=&#8221;top_left&#8221; background_repeat=&#8221;repeat&#8221; background_size=&#8221;initial&#8221; _builder_version=&#8221;3.0.89&#8243;][et_pb_column type=&#8221;2_3&#8243;][et_pb_text _builder_version=&#8221;3.0.89&#8243; background_layout=&#8221;dark&#8221;]<\/p>\n<h1>Contact Us<\/h1>\n<p>[\/et_pb_text][et_pb_contact_form admin_label=&#8221;Contact Form&#8221; captcha=&#8221;off&#8221; use_redirect=&#8221;on&#8221; title_font_size=&#8221;42&#8243; title_font_size_last_edited=&#8221;off|&#8221; title_text_color=&#8221;#ffffff&#8221; use_border_color=&#8221;off&#8221; custom_button=&#8221;on&#8221; button_text_color=&#8221;#ffffff&#8221; button_icon_placement=&#8221;right&#8221; email=&#8221;info@inlibro.com&#8221; border_radii=&#8221;on|0px|0px|0px|0px&#8221; _builder_version=&#8221;3.0.100&#8243; border_color_all=&#8221;#ffffff&#8221; saved_tabs=&#8221;all&#8221; success_message=&#8221;Success! We will contact you shortly.&#8221; custom_message=&#8221;Une personne a rempli le formulaire sur la page \/services\/ en anglais.||et_pb_line_break_holder||||et_pb_line_break_holder||Nom : %%Nom%%||et_pb_line_break_holder||Titre : %%Titre%%||et_pb_line_break_holder||Courriel : %%Email%%||et_pb_line_break_holder||Organisation : %%Organisation%%||et_pb_line_break_holder||Num\u00e9ro de t\u00e9l\u00e9phone : %%Phone%%||et_pb_line_break_holder||Demande d&#x27;information : %%demo%%||et_pb_line_break_holder||Message :||et_pb_line_break_holder||%%Message%%&#8221; custom_css_contact_button=&#8221;.et_pb_contact_field_5 { color : #ffffff;}&#8221; redirect_url=&#8221;\/en\/thanks-for-contacting-us\/&#8221;][et_pb_contact_field field_title=&#8221;Name&#8221; field_type=&#8221;input&#8221; field_id=&#8221;Name&#8221; required_mark=&#8221;on&#8221; fullwidth_field=&#8221;off&#8221; border_radii=&#8221;on||||&#8221; _builder_version=&#8221;3.0.100&#8243; \/][et_pb_contact_field field_id=&#8221;Title&#8221; field_title=&#8221;Title&#8221; field_type=&#8221;input&#8221; required_mark=&#8221;off&#8221; fullwidth_field=&#8221;off&#8221; form_field_font_select=&#8221;default&#8221; form_field_font=&#8221;||||&#8221; use_border_color=&#8221;off&#8221; border_radii=&#8221;on||||&#8221; _builder_version=&#8221;3.0.100&#8243; \/][et_pb_contact_field field_title=&#8221;Email address&#8221; field_type=&#8221;email&#8221; field_id=&#8221;Email&#8221; required_mark=&#8221;on&#8221; fullwidth_field=&#8221;on&#8221; form_field_font_select=&#8221;default&#8221; form_field_font=&#8221;||||&#8221; use_border_color=&#8221;off&#8221; border_radii=&#8221;on||||&#8221; _builder_version=&#8221;3.0.100&#8243; \/][et_pb_contact_field field_id=&#8221;Organization&#8221; field_title=&#8221;Organization&#8221; field_type=&#8221;input&#8221; required_mark=&#8221;off&#8221; fullwidth_field=&#8221;off&#8221; form_field_font_select=&#8221;default&#8221; form_field_font=&#8221;||||&#8221; use_border_color=&#8221;off&#8221; border_radii=&#8221;on||||&#8221; _builder_version=&#8221;3.0.100&#8243; \/][et_pb_contact_field field_id=&#8221;Phone&#8221; field_title=&#8221;Phone number&#8221; field_type=&#8221;input&#8221; required_mark=&#8221;off&#8221; fullwidth_field=&#8221;off&#8221; form_field_font_select=&#8221;default&#8221; form_field_font=&#8221;||||&#8221; use_border_color=&#8221;off&#8221; border_radii=&#8221;on||||&#8221; _builder_version=&#8221;3.0.100&#8243; \/][et_pb_contact_field _builder_version=&#8221;3.0.100&#8243; field_id=&#8221;demo&#8221; field_title=&#8221;I would like more information on&#8221; field_type=&#8221;checkbox&#8221; checkbox_checked=&#8221;off&#8221; checkbox_options=&#8221;%91{%22value%22:%22Koha, the library management system%22,%22checked%22:0},{%22value%22:%22S\u00e9cure Acc\u00e8s, the public computer access management solution%22,%22checked%22:0},{%22value%22:%22M\u00e9dia Vision, the digital display management software%22,%22checked%22:0},{%22value%22:%22a custom services quotation%22,%22checked%22:0},{%22value%22:%22something else (please specify)%22,%22checked%22:0}%93&#8243; radio_options=&#8221;%91{%22value%22:%22%22,%22checked%22:0}%93&#8243; select_options=&#8221;%91{%22value%22:%22%22,%22checked%22:0}%93&#8243; min_length=&#8221;0&#8243; max_length=&#8221;0&#8243; allowed_symbols=&#8221;all&#8221; required_mark=&#8221;off&#8221; conditional_logic=&#8221;off&#8221; conditional_logic_relation=&#8221;off&#8221; conditional_logic_rules=&#8221;%91{%22field%22:%22name%22,%22condition%22:%22is%22,%22value%22:%22%22}%93&#8243; use_background_color_gradient=&#8221;off&#8221; background_color_gradient_start=&#8221;#2b87da&#8221; background_color_gradient_end=&#8221;#29c4a9&#8243; background_color_gradient_type=&#8221;linear&#8221; background_color_gradient_direction=&#8221;180deg&#8221; background_color_gradient_direction_radial=&#8221;center&#8221; background_color_gradient_start_position=&#8221;0%&#8221; background_color_gradient_end_position=&#8221;100%&#8221; background_color_gradient_overlays_image=&#8221;off&#8221; parallax=&#8221;off&#8221; parallax_method=&#8221;on&#8221; background_size=&#8221;cover&#8221; background_position=&#8221;center&#8221; background_repeat=&#8221;no-repeat&#8221; background_blend=&#8221;normal&#8221; allow_player_pause=&#8221;off&#8221; fullwidth_field=&#8221;on&#8221; border_radii=&#8221;on||||&#8221; form_field_text_color=&#8221;#ffffff&#8221; background_video_pause_outside_viewport=&#8221;on&#8221; form_field_text_shadow_style=&#8221;none&#8221; box_shadow_style=&#8221;none&#8221; form_field_text_shadow_horizontal_length=&#8221;0em&#8221; form_field_text_shadow_vertical_length=&#8221;0em&#8221; form_field_text_shadow_blur_strength=&#8221;0em&#8221; \/][et_pb_contact_field field_title=&#8221;Message&#8221; field_type=&#8221;text&#8221; field_id=&#8221;Message&#8221; required_mark=&#8221;on&#8221; fullwidth_field=&#8221;on&#8221; border_radii=&#8221;on||||&#8221; _builder_version=&#8221;3.0.100&#8243; \/][\/et_pb_contact_form][\/et_pb_column][et_pb_column type=&#8221;1_3&#8243;][et_pb_text _builder_version=&#8221;3.0.100&#8243; background_layout=&#8221;light&#8221; text_text_color=&#8221;#ffffff&#8221;]<\/p>\n<p><strong>Address:<br \/>\n<\/strong>7240, Waverly Street, office 210<br \/>\nMontreal (Quebec)&nbsp; H2R 2Y8<\/p>\n<p><strong>Phone:<\/strong> 833-INLIBRO (465-4276)<\/p>\n<p><strong>Fax:<\/strong> 888-270-6669<\/p>\n<p>[\/et_pb_text][et_pb_social_media_follow admin_label=&#8221;Social Media Follow&#8221; link_shape=&#8221;rounded_rectangle&#8221; background_layout=&#8221;light&#8221; url_new_window=&#8221;off&#8221; follow_button=&#8221;off&#8221; _builder_version=&#8221;3.0.89&#8243; saved_tabs=&#8221;all&#8221; border_radii=&#8221;rounded_rectangle&#8221;][et_pb_social_media_follow_network social_network=&#8221;facebook&#8221; url=&#8221;facebook.com\/SolutionsInLibro&#8221; skype_action=&#8221;call&#8221; bg_color=&#8221;#3b5998&#8243;] facebook [\/et_pb_social_media_follow_network][et_pb_social_media_follow_network social_network=&#8221;twitter&#8221; url=&#8221;twitter.com\/inlibro&#8221; skype_action=&#8221;call&#8221; bg_color=&#8221;#00aced&#8221;] Twitter [\/et_pb_social_media_follow_network][et_pb_social_media_follow_network social_network=&#8221;youtube&#8221; url=&#8221;https:\/\/www.youtube.com\/channel\/UCK4TJ4nNxNbVjy8skDRUKgg\/playlists&#8221; skype_action=&#8221;call&#8221; bg_color=&#8221;#a82400&#8243;] Youtube [\/et_pb_social_media_follow_network][\/et_pb_social_media_follow][\/et_pb_column][\/et_pb_row][\/et_pb_section]<\/p>\n","protected":false},"excerpt":{"rendered":"<p><div class=\"et_pb_row et_pb_row_0 et_pb_row_empty\">\n\t\t\t\t\n\t\t\t\t\n\t\t\t\t\n\t\t\t\t\n\t\t\t\t\n\t\t\t<\/div> Contact Us Address: 7240, Waverly Street, office 210 Montreal (Quebec)&nbsp; H2R 2Y8 Phone: 833-INLIBRO (465-4276) Fax: 888-270-6669<\/p>\n","protected":false},"author":2,"featured_media":0,"parent":0,"menu_order":0,"comment_status":"closed","ping_status":"closed","template":"","meta":{"_et_pb_use_builder":"on","_et_pb_old_content":"","_et_gb_content_width":"","inline_featured_image":false,"twitterCardType":"summary_large_image","cardImageID":0,"cardImage":"","cardTitle":"","cardDesc":"","cardImageAlt":"","cardPlayer":"","cardPlayerWidth":0,"cardPlayerHeight":0,"cardPlayerStream":"","cardPlayerCodec":"","footnotes":""},"class_list":["post-2408","page","type-page","status-publish","hentry"],"aioseo_notices":[],"_links":{"self":[{"href":"https:\/\/inlibro.com\/en\/wp-json\/wp\/v2\/pages\/2408","targetHints":{"allow":["GET"]}}],"collection":[{"href":"https:\/\/inlibro.com\/en\/wp-json\/wp\/v2\/pages"}],"about":[{"href":"https:\/\/inlibro.com\/en\/wp-json\/wp\/v2\/types\/page"}],"author":[{"embeddable":true,"href":"https:\/\/inlibro.com\/en\/wp-json\/wp\/v2\/users\/2"}],"replies":[{"embeddable":true,"href":"https:\/\/inlibro.com\/en\/wp-json\/wp\/v2\/comments?post=2408"}],"version-history":[{"count":21,"href":"https:\/\/inlibro.com\/en\/wp-json\/wp\/v2\/pages\/2408\/revisions"}],"predecessor-version":[{"id":2672,"href":"https:\/\/inlibro.com\/en\/wp-json\/wp\/v2\/pages\/2408\/revisions\/2672"}],"wp:attachment":[{"href":"https:\/\/inlibro.com\/en\/wp-json\/wp\/v2\/media?parent=2408"}],"curies":[{"name":"wp","href":"https:\/\/api.w.org\/{rel}","templated":true}]}}