{"id":320,"date":"2016-10-30T14:16:36","date_gmt":"2016-10-30T18:16:36","guid":{"rendered":"http:\/\/inlibro-dev.dublin.inlibro.net\/?page_id=320"},"modified":"2023-04-13T11:37:21","modified_gmt":"2023-04-13T15:37:21","slug":"koha-a-fully-featured-scalable-library-management-system","status":"publish","type":"page","link":"https:\/\/inlibro.com\/en\/koha-a-fully-featured-scalable-library-management-system\/","title":{"rendered":"Koha : a Fully Featured, Scalable Library Management System"},"content":{"rendered":"<p>[et_pb_section bb_built=&#8221;1&#8243; fullwidth=&#8221;off&#8221; specialty=&#8221;off&#8221; transparent_background=&#8221;off&#8221; allow_player_pause=&#8221;off&#8221; inner_shadow=&#8221;off&#8221; parallax=&#8221;off&#8221; parallax_method=&#8221;off&#8221; padding_mobile=&#8221;off&#8221; make_fullwidth=&#8221;off&#8221; use_custom_width=&#8221;off&#8221; width_unit=&#8221;on&#8221; make_equal=&#8221;off&#8221; use_custom_gutter=&#8221;off&#8221; custom_padding_tablet=&#8221;50px|0|50px|0&#8243; custom_padding_last_edited=&#8221;on|desktop&#8221;][et_pb_row admin_label=&#8221;Row&#8221; background_position=&#8221;top_left&#8221; background_repeat=&#8221;repeat&#8221; background_size=&#8221;initial&#8221;][et_pb_column type=&#8221;4_4&#8243;][et_pb_text admin_label=&#8221;Text&#8221; background_layout=&#8221;light&#8221; text_orientation=&#8221;left&#8221; use_border_color=&#8221;off&#8221; border_color=&#8221;#ffffff&#8221; border_style=&#8221;solid&#8221; background_position=&#8221;top_left&#8221; background_repeat=&#8221;repeat&#8221; background_size=&#8221;initial&#8221;]<\/p>\n<h1>Koha, a Fully Featured, Scalable Library Management System<\/h1>\n<p>[\/et_pb_text][\/et_pb_column][\/et_pb_row][et_pb_row admin_label=&#8221;Row&#8221; background_position=&#8221;top_left&#8221; background_repeat=&#8221;repeat&#8221; background_size=&#8221;initial&#8221;][et_pb_column type=&#8221;1_3&#8243;][et_pb_image src=&#8221;https:\/\/inlibro.com\/wp-content\/uploads\/2016\/10\/Selection_017.jpg&#8221; show_in_lightbox=&#8221;off&#8221; url_new_window=&#8221;off&#8221; use_overlay=&#8221;off&#8221; animation=&#8221;left&#8221; sticky=&#8221;off&#8221; align=&#8221;left&#8221; force_fullwidth=&#8221;off&#8221; always_center_on_mobile=&#8221;on&#8221; use_border_color=&#8221;on&#8221; border_color=&#8221;#afbd22&#8243; border_style=&#8221;solid&#8221; animation_style=&#8221;slide&#8221; animation_duration=&#8221;500ms&#8221; animation_intensity_slide=&#8221;10%&#8221; animation_direction=&#8221;left&#8221; show_bottom_space=&#8221;on&#8221; border_color_all=&#8221;#afbd22&#8243; border_width_all=&#8221;0px&#8221; border_style_all=&#8221;solid&#8221; \/][\/et_pb_column][et_pb_column type=&#8221;2_3&#8243;][et_pb_text admin_label=&#8221;Text&#8221; background_layout=&#8221;light&#8221; text_orientation=&#8221;left&#8221; use_border_color=&#8221;off&#8221; border_color=&#8221;#ffffff&#8221; border_style=&#8221;solid&#8221; background_position=&#8221;top_left&#8221; background_repeat=&#8221;repeat&#8221; background_size=&#8221;initial&#8221;]<\/p>\n<h2>Customizable Online Catalog (OPAC)<\/h2>\n<p>The online catalog allows your users to access the contents of your library from any computer with Internet access.<br \/>\nIn addition to consulting the catalog, users can access their files from which they will be able to:<\/p>\n<ul>\n<li>Renew borrowed\u00a0books<\/li>\n<li>Reserve an item<\/li>\n<li>Comment books<\/li>\n<li>Manage lists of documents<\/li>\n<li>Making purchase\u00a0suggestions<\/li>\n<\/ul>\n<p>[\/et_pb_text][\/et_pb_column][\/et_pb_row][et_pb_row admin_label=&#8221;Row&#8221; background_position=&#8221;top_left&#8221; background_repeat=&#8221;repeat&#8221; background_size=&#8221;initial&#8221;][et_pb_column type=&#8221;1_3&#8243;][et_pb_image src=&#8221;https:\/\/inlibro.com\/wp-content\/uploads\/2016\/10\/Cataloguing.png&#8221; show_in_lightbox=&#8221;off&#8221; url_new_window=&#8221;off&#8221; use_overlay=&#8221;off&#8221; animation=&#8221;left&#8221; sticky=&#8221;off&#8221; align=&#8221;left&#8221; force_fullwidth=&#8221;off&#8221; always_center_on_mobile=&#8221;on&#8221; use_border_color=&#8221;off&#8221; border_color=&#8221;#ffffff&#8221; border_style=&#8221;solid&#8221; animation_style=&#8221;slide&#8221; animation_duration=&#8221;500ms&#8221; animation_intensity_slide=&#8221;10%&#8221; animation_direction=&#8221;left&#8221; show_bottom_space=&#8221;on&#8221; \/][\/et_pb_column][et_pb_column type=&#8221;2_3&#8243;][et_pb_text admin_label=&#8221;Text&#8221; background_layout=&#8221;light&#8221; text_orientation=&#8221;left&#8221; use_border_color=&#8221;off&#8221; border_color=&#8221;#ffffff&#8221; border_style=&#8221;solid&#8221; background_position=&#8221;top_left&#8221; background_repeat=&#8221;repeat&#8221; background_size=&#8221;initial&#8221;]<\/p>\n<h2>Cataloguing<\/h2>\n<p>Koha supports standards such as MARC 21 and Z39.50 allowing you to quickly catalog your\u00a0resources.<\/p>\n<p>To facilitate the entry of your resources, you can create different slips by document type. You could, for example, have a slip for entering your periodic and another slip for entering your DVDs. For each note, you can determine which MARC fields appear there and assign them different defaults.<\/p>\n<p>In addition to original cataloging, you can import records from a file of records or research on an external Z39.50 server.<\/p>\n<p>By batch editing items, you can assign new values to a subfield of several documents in a single step.<\/p>\n<p>You will be able to manage your bibliographic records, items and authorities in a friendly interface allowing using multiple modules simultaneously. You will not be forced to terminate your cataloging session to make a loan to a user.<\/p>\n<p>[\/et_pb_text][\/et_pb_column][\/et_pb_row][et_pb_row admin_label=&#8221;Row&#8221; background_position=&#8221;top_left&#8221; background_repeat=&#8221;repeat&#8221; background_size=&#8221;initial&#8221;][et_pb_column type=&#8221;1_3&#8243;][et_pb_image src=&#8221;https:\/\/inlibro.com\/wp-content\/uploads\/2016\/10\/Circulation.png&#8221; show_in_lightbox=&#8221;off&#8221; url_new_window=&#8221;off&#8221; use_overlay=&#8221;off&#8221; animation=&#8221;left&#8221; sticky=&#8221;off&#8221; align=&#8221;left&#8221; force_fullwidth=&#8221;off&#8221; always_center_on_mobile=&#8221;on&#8221; use_border_color=&#8221;off&#8221; border_color=&#8221;#ffffff&#8221; border_style=&#8221;solid&#8221; animation_style=&#8221;slide&#8221; animation_duration=&#8221;500ms&#8221; animation_intensity_slide=&#8221;10%&#8221; animation_direction=&#8221;left&#8221; show_bottom_space=&#8221;on&#8221; \/][\/et_pb_column][et_pb_column type=&#8221;2_3&#8243;][et_pb_text admin_label=&#8221;Text&#8221; background_layout=&#8221;light&#8221; text_orientation=&#8221;left&#8221; use_border_color=&#8221;off&#8221; border_color=&#8221;#ffffff&#8221; border_style=&#8221;solid&#8221; background_position=&#8221;top_left&#8221; background_repeat=&#8221;repeat&#8221; background_size=&#8221;initial&#8221;]<\/p>\n<div class=\"headline\">\n<h2>Circulation<\/h2>\n<\/div>\n<p>Koha allows you to specify your lending policies per\u00a0library, patrons categories, and document types. For each of these combinations, you are able to define the duration of the loan, maximum number of documents, fines for late issues, etc.<\/p>\n<p>Although these values are configurable, the staff at circulation desk can override these limits to meet exceptional circumstances.<\/p>\n<p>A calendar allows you to set the dates for which your library is closed. Koha then adjusts the due date borrowed documents accordingly.<\/p>\n<p>Koha supports book drops that allow your patrons to return documents even when the library is closed.<\/p>\n<p>[\/et_pb_text][\/et_pb_column][\/et_pb_row][et_pb_row admin_label=&#8221;Row&#8221; background_position=&#8221;top_left&#8221; background_repeat=&#8221;repeat&#8221; background_size=&#8221;initial&#8221;][et_pb_column type=&#8221;1_3&#8243;][et_pb_image src=&#8221;https:\/\/inlibro.com\/wp-content\/uploads\/2016\/10\/Selection_022.jpg&#8221; show_in_lightbox=&#8221;off&#8221; url_new_window=&#8221;off&#8221; use_overlay=&#8221;off&#8221; animation=&#8221;left&#8221; sticky=&#8221;off&#8221; align=&#8221;left&#8221; force_fullwidth=&#8221;off&#8221; always_center_on_mobile=&#8221;on&#8221; use_border_color=&#8221;off&#8221; border_color=&#8221;#ffffff&#8221; border_style=&#8221;solid&#8221; animation_style=&#8221;slide&#8221; animation_duration=&#8221;500ms&#8221; animation_intensity_slide=&#8221;10%&#8221; animation_direction=&#8221;left&#8221; show_bottom_space=&#8221;on&#8221; \/][\/et_pb_column][et_pb_column type=&#8221;2_3&#8243;][et_pb_text admin_label=&#8221;Text&#8221; background_layout=&#8221;light&#8221; text_orientation=&#8221;left&#8221; use_border_color=&#8221;off&#8221; border_color=&#8221;#ffffff&#8221; border_style=&#8221;solid&#8221; background_position=&#8221;top_left&#8221; background_repeat=&#8221;repeat&#8221; background_size=&#8221;initial&#8221;]<\/p>\n<div class=\"headline\">\n<div class=\"headline\">\n<h2>Patrons management<\/h2>\n<\/div>\n<p>With Koha, you can quickly add new patrons.<\/p>\n<p>According to the technology your library is using, it is possible\u00a0to automate the creation and authentication of users to avoid manual entry of patron by your staff. Koha also allows you to import users from a document created from a spreadsheet document.<\/p>\n<p>Additional fields about your users can also be used to manage your organization requirements.<\/p>\n<p>Notices may be sent to your users via email to remind them of the imminent expiry of a loan or delay of a document.<\/p>\n<\/div>\n<p>[\/et_pb_text][\/et_pb_column][\/et_pb_row][et_pb_row admin_label=&#8221;Row&#8221; background_position=&#8221;top_left&#8221; background_repeat=&#8221;repeat&#8221; background_size=&#8221;initial&#8221;][et_pb_column type=&#8221;1_3&#8243;][et_pb_image src=&#8221;https:\/\/inlibro.com\/wp-content\/uploads\/2016\/10\/Acquisition.png&#8221; show_in_lightbox=&#8221;off&#8221; url_new_window=&#8221;off&#8221; use_overlay=&#8221;off&#8221; animation=&#8221;left&#8221; sticky=&#8221;off&#8221; align=&#8221;left&#8221; force_fullwidth=&#8221;off&#8221; always_center_on_mobile=&#8221;on&#8221; use_border_color=&#8221;off&#8221; border_color=&#8221;#ffffff&#8221; border_style=&#8221;solid&#8221; animation_style=&#8221;slide&#8221; animation_duration=&#8221;500ms&#8221; animation_intensity_slide=&#8221;10%&#8221; animation_direction=&#8221;left&#8221; show_bottom_space=&#8221;on&#8221; \/][\/et_pb_column][et_pb_column type=&#8221;2_3&#8243;][et_pb_text admin_label=&#8221;Text&#8221; background_layout=&#8221;light&#8221; text_orientation=&#8221;left&#8221; use_border_color=&#8221;off&#8221; border_color=&#8221;#ffffff&#8221; border_style=&#8221;solid&#8221; background_position=&#8221;top_left&#8221; background_repeat=&#8221;repeat&#8221; background_size=&#8221;initial&#8221;]<\/p>\n<div class=\"headline\">\n<div class=\"headline\">\n<div class=\"headline\">\n<h2>Acquisitions<\/h2>\n<\/div>\n<p>Koha&#8217;s acquisition module allows the management of your suppliers and the orders you are sending them.<\/p>\n<p>Multiple-level\u00a0budgets system gives you a quick look of your engaged and remaining amounts.<\/p>\n<p>Manage foreign country suppliers and maintain different rates using currencies.<\/p>\n<p>You&#8217;ll also be able to reclaim your\u00a0orders from\u00a0your suppliers by email.<\/p>\n<\/div>\n<\/div>\n<p>[\/et_pb_text][\/et_pb_column][\/et_pb_row][et_pb_row admin_label=&#8221;Row&#8221; background_position=&#8221;top_left&#8221; background_repeat=&#8221;repeat&#8221; background_size=&#8221;initial&#8221;][et_pb_column type=&#8221;1_3&#8243;][et_pb_image src=&#8221;https:\/\/inlibro.com\/wp-content\/uploads\/2016\/10\/Serials.jpg&#8221; show_in_lightbox=&#8221;off&#8221; url_new_window=&#8221;off&#8221; use_overlay=&#8221;off&#8221; animation=&#8221;left&#8221; sticky=&#8221;off&#8221; align=&#8221;left&#8221; force_fullwidth=&#8221;off&#8221; always_center_on_mobile=&#8221;on&#8221; use_border_color=&#8221;off&#8221; border_color=&#8221;#ffffff&#8221; border_style=&#8221;solid&#8221; animation_style=&#8221;slide&#8221; animation_duration=&#8221;500ms&#8221; animation_intensity_slide=&#8221;10%&#8221; animation_direction=&#8221;left&#8221; show_bottom_space=&#8221;on&#8221; \/][\/et_pb_column][et_pb_column type=&#8221;2_3&#8243;][et_pb_text admin_label=&#8221;Text&#8221; background_layout=&#8221;light&#8221; text_orientation=&#8221;left&#8221; use_border_color=&#8221;off&#8221; border_color=&#8221;#ffffff&#8221; border_style=&#8221;solid&#8221; background_position=&#8221;top_left&#8221; background_repeat=&#8221;repeat&#8221; background_size=&#8221;initial&#8221;]<\/p>\n<div class=\"headline\">\n<div class=\"headline\">\n<div class=\"headline\">\n<h2>Serials Management<\/h2>\n<\/div>\n<p>The Serials Management module allows you to manage your subscriptions. For each of your journals, newspaper, and magazine, you&#8217;ll be able to define the duration of your subscription and numbering scheme.<\/p>\n<p>Koha will use these information to automatically generate the number when receiving a new issue from your suppliers. You will also be able to send an claim by email when you are not receiving your issues on time.<\/p>\n<p>You&#8217;ll be able to easily create special issues when needed.<\/p>\n<\/div>\n<\/div>\n<p>[\/et_pb_text][\/et_pb_column][\/et_pb_row][\/et_pb_section][et_pb_section bb_built=&#8221;1&#8243; admin_label=&#8221;section&#8221; fullwidth=&#8221;off&#8221; background_color=&#8221;#028cb5&#8243; parallax_method=&#8221;off&#8221; custom_padding=&#8221;1em||1em|&#8221; _builder_version=&#8221;3.0.100&#8243;][et_pb_row admin_label=&#8221;row&#8221; background_position=&#8221;top_left&#8221; background_repeat=&#8221;repeat&#8221; background_size=&#8221;initial&#8221;][et_pb_column type=&#8221;2_3&#8243;][et_pb_text _builder_version=&#8221;3.0.100&#8243; background_layout=&#8221;dark&#8221; text_text_color=&#8221;#ffffff&#8221;]<\/p>\n<h1>Contact us<\/h1>\n<p>[\/et_pb_text][et_pb_contact_form admin_label=&#8221;Contact Form&#8221; captcha=&#8221;off&#8221; use_redirect=&#8221;off&#8221; title_font_size=&#8221;42&#8243; title_font_size_last_edited=&#8221;off|&#8221; title_text_color=&#8221;#ffffff&#8221; use_border_color=&#8221;off&#8221; custom_button=&#8221;on&#8221; button_text_color=&#8221;#ffffff&#8221; button_icon_placement=&#8221;right&#8221; email=&#8221;info@inLibro.com&#8221; border_radii=&#8221;on|0px|0px|0px|0px&#8221; _builder_version=&#8221;3.0.100&#8243; custom_message=&#8221;Une personne a rempli le formulaire sur la page \/en\/koha-a-fully-featured-scalable-library-management-system\/.||et_pb_line_break_holder||||et_pb_line_break_holder||Nom : %%Nom%%||et_pb_line_break_holder||Titre : %%Titre%%||et_pb_line_break_holder||Courriel : %%Email%%||et_pb_line_break_holder||Organisation : %%Organisation%%||et_pb_line_break_holder||Num\u00e9ro de t\u00e9l\u00e9phone : %%Phone%%||et_pb_line_break_holder||Demande d&#x27;information : %%demo%%||et_pb_line_break_holder||Message :||et_pb_line_break_holder||%%Message%%&#8221;][et_pb_contact_field field_title=&#8221;Name&#8221; field_type=&#8221;input&#8221; field_id=&#8221;Name&#8221; required_mark=&#8221;on&#8221; fullwidth_field=&#8221;off&#8221; _builder_version=&#8221;3.0.100&#8243; \/][et_pb_contact_field field_id=&#8221;Position&#8221; field_title=&#8221;Position&#8221; field_type=&#8221;input&#8221; required_mark=&#8221;off&#8221; fullwidth_field=&#8221;off&#8221; form_field_font_select=&#8221;default&#8221; form_field_font=&#8221;||||&#8221; use_border_color=&#8221;off&#8221; border_style_all=&#8221;solid&#8221; _builder_version=&#8221;3.0.100&#8243; \/][et_pb_contact_field field_title=&#8221;Email Address&#8221; field_type=&#8221;email&#8221; field_id=&#8221;Email&#8221; required_mark=&#8221;on&#8221; fullwidth_field=&#8221;on&#8221; form_field_font_select=&#8221;default&#8221; form_field_font=&#8221;||||&#8221; use_border_color=&#8221;off&#8221; border_style_all=&#8221;solid&#8221; _builder_version=&#8221;3.0.100&#8243; \/][et_pb_contact_field field_id=&#8221;Organisation&#8221; field_title=&#8221;Organization&#8221; field_type=&#8221;input&#8221; required_mark=&#8221;off&#8221; fullwidth_field=&#8221;off&#8221; form_field_font_select=&#8221;default&#8221; form_field_font=&#8221;||||&#8221; use_border_color=&#8221;off&#8221; border_style_all=&#8221;solid&#8221; _builder_version=&#8221;3.0.100&#8243; \/][et_pb_contact_field field_id=&#8221;Phone&#8221; field_title=&#8221;Phone number&#8221; field_type=&#8221;input&#8221; required_mark=&#8221;off&#8221; fullwidth_field=&#8221;off&#8221; form_field_font_select=&#8221;default&#8221; form_field_font=&#8221;||||&#8221; use_border_color=&#8221;off&#8221; border_style_all=&#8221;solid&#8221; _builder_version=&#8221;3.0.100&#8243; \/][et_pb_contact_field _builder_version=&#8221;3.0.100&#8243; field_id=&#8221;demo&#8221; field_title=&#8221;I would like more information on&#8221; field_type=&#8221;checkbox&#8221; checkbox_checked=&#8221;off&#8221; checkbox_options=&#8221;%91{%22value%22:%22Koha, the library management system%22,%22checked%22:0},{%22value%22:%22S\u00e9cure Acc\u00e8s, the public computer access management solution%22,%22checked%22:0},{%22value%22:%22M\u00e9dia Vision, the digital display management software%22,%22checked%22:0},{%22value%22:%22a custom services quotation%22,%22checked%22:0},{%22value%22:%22something else (please specify)%22,%22checked%22:0}%93&#8243; radio_options=&#8221;%91{%22value%22:%22%22,%22checked%22:0}%93&#8243; select_options=&#8221;%91{%22value%22:%22%22,%22checked%22:0}%93&#8243; min_length=&#8221;0&#8243; max_length=&#8221;0&#8243; allowed_symbols=&#8221;all&#8221; required_mark=&#8221;off&#8221; conditional_logic=&#8221;off&#8221; conditional_logic_relation=&#8221;off&#8221; conditional_logic_rules=&#8221;%91{%22field%22:%22name%22,%22condition%22:%22is%22,%22value%22:%22%22}%93&#8243; use_background_color_gradient=&#8221;off&#8221; background_color_gradient_start=&#8221;#2b87da&#8221; background_color_gradient_end=&#8221;#29c4a9&#8243; background_color_gradient_type=&#8221;linear&#8221; background_color_gradient_direction=&#8221;180deg&#8221; background_color_gradient_direction_radial=&#8221;center&#8221; background_color_gradient_start_position=&#8221;0%&#8221; background_color_gradient_end_position=&#8221;100%&#8221; background_color_gradient_overlays_image=&#8221;off&#8221; parallax=&#8221;off&#8221; parallax_method=&#8221;on&#8221; background_size=&#8221;cover&#8221; background_position=&#8221;center&#8221; background_repeat=&#8221;no-repeat&#8221; background_blend=&#8221;normal&#8221; allow_player_pause=&#8221;off&#8221; background_video_pause_outside_viewport=&#8221;on&#8221; fullwidth_field=&#8221;on&#8221; field_background_color=&#8221;#ffffff&#8221; form_field_text_color=&#8221;#ffffff&#8221; form_field_text_shadow_style=&#8221;none&#8221; border_radii=&#8221;on||||&#8221; box_shadow_style=&#8221;none&#8221; custom_css_main_element=&#8221;color : white;&#8221; form_field_text_shadow_horizontal_length=&#8221;0em&#8221; form_field_text_shadow_vertical_length=&#8221;0em&#8221; form_field_text_shadow_blur_strength=&#8221;0em&#8221; \/][et_pb_contact_field field_title=&#8221;Message&#8221; field_type=&#8221;text&#8221; field_id=&#8221;Message&#8221; required_mark=&#8221;on&#8221; fullwidth_field=&#8221;on&#8221; _builder_version=&#8221;3.0.100&#8243; \/][\/et_pb_contact_form][\/et_pb_column][et_pb_column type=&#8221;1_3&#8243;][et_pb_text admin_label=&#8221;Text&#8221; background_layout=&#8221;dark&#8221; use_border_color=&#8221;off&#8221; custom_margin=&#8221;3em|||&#8221; background_position=&#8221;top_left&#8221; background_repeat=&#8221;repeat&#8221; background_size=&#8221;initial&#8221; _builder_version=&#8221;3.0.100&#8243;]<\/p>\n<p><strong>Address:<\/strong><br \/>\n7240, Waverly Street, suite 210<br \/>\nMontreal (Quebec)&nbsp; H2R 2Y8<\/p>\n<p><strong>Phone:<\/strong> 833-INLIBRO (465-4276)<\/p>\n<p><strong>FAX:<\/strong> 888-270-6669<\/p>\n<p>[\/et_pb_text][et_pb_social_media_follow admin_label=&#8221;Social Media Follow&#8221; link_shape=&#8221;rounded_rectangle&#8221; background_layout=&#8221;light&#8221; url_new_window=&#8221;off&#8221; follow_button=&#8221;off&#8221; border_radii=&#8221;on|3px|3px|3px|3px&#8221;][et_pb_social_media_follow_network social_network=&#8221;facebook&#8221; url=&#8221;facebook.com\/SolutionsInLibro&#8221; skype_action=&#8221;call&#8221; bg_color=&#8221;#3b5998&#8243;] facebook [\/et_pb_social_media_follow_network][et_pb_social_media_follow_network social_network=&#8221;twitter&#8221; url=&#8221;twitter.com\/inlibro&#8221; skype_action=&#8221;call&#8221; bg_color=&#8221;#00aced&#8221;] Twitter [\/et_pb_social_media_follow_network][et_pb_social_media_follow_network social_network=&#8221;youtube&#8221; url=&#8221;https:\/\/www.youtube.com\/channel\/UCK4TJ4nNxNbVjy8skDRUKgg\/playlists&#8221; skype_action=&#8221;call&#8221; bg_color=&#8221;#a82400&#8243;] Youtube [\/et_pb_social_media_follow_network][\/et_pb_social_media_follow][\/et_pb_column][\/et_pb_row][\/et_pb_section]<\/p>\n","protected":false},"excerpt":{"rendered":"<p>Koha, a Fully Featured, Scalable Library Management System Customizable Online Catalog (OPAC) The online catalog allows your users to access the contents of your library from any computer with Internet access. In addition to consulting the catalog, users can access their files from which they will be able to: Renew borrowed\u00a0books Reserve an item Comment [&hellip;]<\/p>\n","protected":false},"author":1,"featured_media":0,"parent":0,"menu_order":0,"comment_status":"closed","ping_status":"closed","template":"","meta":{"_et_pb_use_builder":"on","_et_pb_old_content":"","_et_gb_content_width":"","inline_featured_image":false,"twitterCardType":"summary_large_image","cardImageID":0,"cardImage":"","cardTitle":"","cardDesc":"","cardImageAlt":"","cardPlayer":"","cardPlayerWidth":0,"cardPlayerHeight":0,"cardPlayerStream":"","cardPlayerCodec":"","footnotes":""},"class_list":["post-320","page","type-page","status-publish","hentry"],"aioseo_notices":[],"_links":{"self":[{"href":"https:\/\/inlibro.com\/en\/wp-json\/wp\/v2\/pages\/320","targetHints":{"allow":["GET"]}}],"collection":[{"href":"https:\/\/inlibro.com\/en\/wp-json\/wp\/v2\/pages"}],"about":[{"href":"https:\/\/inlibro.com\/en\/wp-json\/wp\/v2\/types\/page"}],"author":[{"embeddable":true,"href":"https:\/\/inlibro.com\/en\/wp-json\/wp\/v2\/users\/1"}],"replies":[{"embeddable":true,"href":"https:\/\/inlibro.com\/en\/wp-json\/wp\/v2\/comments?post=320"}],"version-history":[{"count":18,"href":"https:\/\/inlibro.com\/en\/wp-json\/wp\/v2\/pages\/320\/revisions"}],"predecessor-version":[{"id":3525,"href":"https:\/\/inlibro.com\/en\/wp-json\/wp\/v2\/pages\/320\/revisions\/3525"}],"wp:attachment":[{"href":"https:\/\/inlibro.com\/en\/wp-json\/wp\/v2\/media?parent=320"}],"curies":[{"name":"wp","href":"https:\/\/api.w.org\/{rel}","templated":true}]}}